{"id":1804,"date":"2015-09-16T11:48:04","date_gmt":"2015-09-16T09:48:04","guid":{"rendered":"http:\/\/teatres.org\/bloc\/?page_id=1804"},"modified":"2024-09-07T21:03:24","modified_gmt":"2024-09-07T19:03:24","slug":"la-bibliomaleteca","status":"publish","type":"page","link":"http:\/\/teatres.org\/bloc\/els-nostres-espectacles\/la-bibliomaleteca\/","title":{"rendered":"La Bibliomaleteca"},"content":{"rendered":"<div class=\"n2_clear\"><ss3-force-full-width data-overflow-x=\"body\" data-horizontal-selector=\"body\"><div class=\"n2-section-smartslider fitvidsignore  n2_clear\" data-ssid=\"3\"><div id=\"n2-ss-3-align\" class=\"n2-ss-align\"><div class=\"n2-padding\"><div id=\"n2-ss-3\" data-creator=\"Smart Slider 3\" data-responsive=\"fullwidth\" class=\"n2-ss-slider n2-ow n2-has-hover n2notransition  \">\n\n\n\n<div class=\"n2-ss-slider-wrapper-inside\">\n        <div class=\"n2-ss-slider-1 n2_ss__touch_element n2-ow\">\n            <div class=\"n2-ss-slider-2 n2-ow\">\n                                                <div class=\"n2-ss-slider-3 n2-ow\">\n\n                    <div class=\"n2-ss-slide-backgrounds n2-ow-all\"><div class=\"n2-ss-slide-background\" data-public-id=\"1\" data-mode=\"fill\"><div class=\"n2-ss-slide-background-image\" data-blur=\"0\" data-opacity=\"100\" data-x=\"40\" data-y=\"100\" data-alt=\"\" data-title=\"\" style=\"--ss-o-pos-x:40%;--ss-o-pos-y:100%\"><picture class=\"skip-lazy jetpack-lazy-image\" data-skip-lazy=\"1\"><img decoding=\"async\" src=\"\/\/teatres.org\/bloc\/wp-content\/uploads\/2015\/09\/bibliomaleteca2.png\" alt=\"\" title=\"\" loading=\"lazy\" class=\"skip-lazy jetpack-lazy-image\" data-skip-lazy=\"1\"><\/picture><\/div><div data-color=\"RGBA(255,255,255,0)\" style=\"background-color: RGBA(255,255,255,0);\" class=\"n2-ss-slide-background-color\"><\/div><\/div><div class=\"n2-ss-slide-background\" data-public-id=\"2\" data-mode=\"fill\" aria-hidden=\"true\"><div class=\"n2-ss-slide-background-image\" data-blur=\"0\" data-opacity=\"100\" data-x=\"58\" data-y=\"0\" data-alt=\"\" data-title=\"\" style=\"--ss-o-pos-x:58%;--ss-o-pos-y:0%\"><picture class=\"skip-lazy jetpack-lazy-image\" data-skip-lazy=\"1\"><img decoding=\"async\" src=\"\/\/teatres.org\/bloc\/wp-content\/uploads\/2015\/09\/bibliomaleteca2.png\" alt=\"\" title=\"\" loading=\"lazy\" class=\"skip-lazy jetpack-lazy-image\" data-skip-lazy=\"1\"><\/picture><\/div><div data-color=\"RGBA(255,255,255,0)\" style=\"background-color: RGBA(255,255,255,0);\" class=\"n2-ss-slide-background-color\"><\/div><\/div><div class=\"n2-ss-slide-background\" data-public-id=\"3\" data-mode=\"fill\" aria-hidden=\"true\"><div class=\"n2-ss-slide-background-image\" data-blur=\"0\" data-opacity=\"100\" data-x=\"50\" data-y=\"50\" data-alt=\"\" data-title=\"\"><picture class=\"skip-lazy jetpack-lazy-image\" data-skip-lazy=\"1\"><img decoding=\"async\" src=\"\/\/teatres.org\/bloc\/wp-content\/uploads\/2015\/09\/bibliomaleteca1.png\" alt=\"\" title=\"\" loading=\"lazy\" class=\"skip-lazy jetpack-lazy-image\" data-skip-lazy=\"1\"><\/picture><\/div><div data-color=\"RGBA(255,255,255,0)\" style=\"background-color: RGBA(255,255,255,0);\" class=\"n2-ss-slide-background-color\"><\/div><\/div><\/div>                    <div class=\"n2-ss-slider-4 n2-ow\">\n                        <svg xmlns=\"http:\/\/www.w3.org\/2000\/svg\" viewBox=\"0 0 1200 500\" data-related-device=\"desktopPortrait\" class=\"n2-ow n2-ss-preserve-size n2-ss-preserve-size--slider n2-ss-slide-limiter\"><\/svg><div data-first=\"1\" data-slide-duration=\"0\" data-id=\"18\" data-slide-public-id=\"1\" data-title=\"bibliomaleteca2\" class=\"n2-ss-slide n2-ow  n2-ss-slide-18\"><div role=\"note\" class=\"n2-ss-slide--focus\" tabindex=\"-1\">bibliomaleteca2<\/div><div class=\"n2-ss-layers-container n2-ss-slide-limiter n2-ow\"><div class=\"n2-ss-layer n2-ow n-uc-1rlZOTFqo4iw\" data-sstype=\"slide\" data-pm=\"default\"><\/div><\/div><\/div><div data-slide-duration=\"0\" data-id=\"20\" data-slide-public-id=\"2\" aria-hidden=\"true\" data-title=\"bibliomaleteca2\" class=\"n2-ss-slide n2-ow  n2-ss-slide-20\"><div role=\"note\" class=\"n2-ss-slide--focus\" tabindex=\"-1\">bibliomaleteca2<\/div><div class=\"n2-ss-layers-container n2-ss-slide-limiter n2-ow\"><div class=\"n2-ss-layer n2-ow n-uc-gaS2e2OnNq7G\" data-sstype=\"slide\" data-pm=\"default\"><\/div><\/div><\/div><div data-slide-duration=\"0\" data-id=\"19\" data-slide-public-id=\"3\" aria-hidden=\"true\" data-title=\"bibliomaleteca1\" class=\"n2-ss-slide n2-ow  n2-ss-slide-19\"><div role=\"note\" class=\"n2-ss-slide--focus\" tabindex=\"-1\">bibliomaleteca1<\/div><div class=\"n2-ss-layers-container n2-ss-slide-limiter n2-ow\"><div class=\"n2-ss-layer n2-ow n-uc-S42Ym6MDRg9r\" data-sstype=\"slide\" data-pm=\"default\"><\/div><\/div><\/div>                    <\/div>\n\n                                    <\/div>\n            <\/div>\n        <\/div>\n        <div class=\"n2-ss-slider-controls n2-ss-slider-controls-absolute-left-center\"><div style=\"--widget-offset:15px;\" class=\"n2-ss-widget nextend-arrow n2-ow-all nextend-arrow-previous  nextend-arrow-animated-fade\" data-hide-mobileportrait=\"1\" id=\"n2-ss-3-arrow-previous\" role=\"button\" aria-label=\"previous arrow\" tabindex=\"0\"><img loading=\"lazy\" decoding=\"async\" width=\"32\" height=\"32\" class=\"skip-lazy jetpack-lazy-image\" data-skip-lazy=\"1\" src=\"data:image\/svg+xml;base64,PHN2ZyB3aWR0aD0iMzIiIGhlaWdodD0iMzIiIHZpZXdCb3g9IjAgMCAzMiAzMiIgeG1sbnM9Imh0dHA6Ly93d3cudzMub3JnLzIwMDAvc3ZnIj4KICAgIDxwYXRoIGQ9Ik0xMS40MzMgMTUuOTkyTDIyLjY5IDUuNzEyYy4zOTMtLjM5LjM5My0xLjAzIDAtMS40Mi0uMzkzLS4zOS0xLjAzLS4zOS0xLjQyMyAwbC0xMS45OCAxMC45NGMtLjIxLjIxLS4zLjQ5LS4yODUuNzYtLjAxNS4yOC4wNzUuNTYuMjg0Ljc3bDExLjk4IDEwLjk0Yy4zOTMuMzkgMS4wMy4zOSAxLjQyNCAwIC4zOTMtLjQuMzkzLTEuMDMgMC0xLjQybC0xMS4yNTctMTAuMjkiCiAgICAgICAgICBmaWxsPSIjZmZmZmZmIiBvcGFjaXR5PSIwLjgiIGZpbGwtcnVsZT0iZXZlbm9kZCIvPgo8L3N2Zz4=\" alt=\"previous arrow\"><\/div><\/div><div class=\"n2-ss-slider-controls n2-ss-slider-controls-absolute-right-center\"><div style=\"--widget-offset:15px;\" class=\"n2-ss-widget nextend-arrow n2-ow-all nextend-arrow-next  nextend-arrow-animated-fade\" data-hide-mobileportrait=\"1\" id=\"n2-ss-3-arrow-next\" role=\"button\" aria-label=\"next arrow\" tabindex=\"0\"><img loading=\"lazy\" decoding=\"async\" width=\"32\" height=\"32\" class=\"skip-lazy jetpack-lazy-image\" data-skip-lazy=\"1\" src=\"data:image\/svg+xml;base64,PHN2ZyB3aWR0aD0iMzIiIGhlaWdodD0iMzIiIHZpZXdCb3g9IjAgMCAzMiAzMiIgeG1sbnM9Imh0dHA6Ly93d3cudzMub3JnLzIwMDAvc3ZnIj4KICAgIDxwYXRoIGQ9Ik0xMC43MjIgNC4yOTNjLS4zOTQtLjM5LTEuMDMyLS4zOS0xLjQyNyAwLS4zOTMuMzktLjM5MyAxLjAzIDAgMS40MmwxMS4yODMgMTAuMjgtMTEuMjgzIDEwLjI5Yy0uMzkzLjM5LS4zOTMgMS4wMiAwIDEuNDIuMzk1LjM5IDEuMDMzLjM5IDEuNDI3IDBsMTIuMDA3LTEwLjk0Yy4yMS0uMjEuMy0uNDkuMjg0LS43Ny4wMTQtLjI3LS4wNzYtLjU1LS4yODYtLjc2TDEwLjcyIDQuMjkzeiIKICAgICAgICAgIGZpbGw9IiNmZmZmZmYiIG9wYWNpdHk9IjAuOCIgZmlsbC1ydWxlPSJldmVub2RkIi8+Cjwvc3ZnPg==\" alt=\"next arrow\"><\/div><\/div><div class=\"n2-ss-slider-controls n2-ss-slider-controls-absolute-center-bottom\"><div style=\"--widget-offset:10px;\" class=\"n2-ss-widget n2-ss-control-bullet n2-ow-all n2-ss-control-bullet-horizontal\"><div class=\" nextend-bullet-bar n2-bar-justify-content-center\" role=\"group\" aria-label=\"Choose slide to display.\"><div class=\"n2-bullet n2-style-5af0ca9c49880f94d1d5175417b7e597-dot \" style=\"visibility:hidden;\"><\/div><\/div><\/div><\/div><\/div><\/div><ss3-loader><\/ss3-loader><\/div><\/div><div class=\"n2_clear\"><\/div><\/div><\/ss3-force-full-width><\/div>\n\n\n<div class=\"wp-block-columns is-layout-flex wp-container-core-columns-is-layout-1 wp-block-columns-is-layout-flex\">\n<div class=\"wp-block-column is-layout-flow wp-block-column-is-layout-flow\" style=\"flex-basis:25%\">\n<figure class=\"wp-block-image size-full is-resized\"><img loading=\"lazy\" decoding=\"async\" width=\"400\" height=\"544\" src=\"http:\/\/teatres.org\/bloc\/wp-content\/uploads\/2015\/09\/bibliomaleteca-400x544px.jpg\" alt=\"\" class=\"wp-image-1807\" style=\"width:260px;height:auto\" srcset=\"http:\/\/teatres.org\/bloc\/wp-content\/uploads\/2015\/09\/bibliomaleteca-400x544px.jpg 400w, http:\/\/teatres.org\/bloc\/wp-content\/uploads\/2015\/09\/bibliomaleteca-400x544px-220x300.jpg 220w\" sizes=\"(max-width: 400px) 100vw, 400px\" \/><\/figure>\n<\/div>\n\n\n\n<div class=\"wp-block-column is-layout-flow wp-block-column-is-layout-flow\" style=\"flex-basis:50%\">\n<p>Aina \u00e9s una pallassa contacontes i esbojarrada, enamorada dels llibres que ha anat llegint a les biblioteques. Amb totes aquestes hist\u00f2ries, Aina s&#8217;ha fet la seva pr\u00f2pia biblioteca amb maletes: la seva bibliomaleteca.<\/p>\n\n\n\n<p>Ha muntat la seva pr\u00f2pia bibliomaleteca per poder dur-la sempre amb ella i per a poder-la mostrar a totes les persones que vulguin escoltar. La seva bibliomaleteca est\u00e0 farcida de tots els contes, totes les can\u00e7ons, totes les endevinalles, tots els poemes que m\u00e9s li han agradat de tot el que ha llegit.<\/p>\n\n\n\n<p>Tot aquest material que mostrar\u00e0 est\u00e0 extret de la hist\u00f2ria i la literatura universal antiga, moderna o contempor\u00e0nia de caire popular.<\/p>\n\n\n\n<p><em>La Bibliomaleteca<\/em> \u00e9s un nom gen\u00e8ric per a una activitat que \u00e9s un projecte obert en el seu contingut, perqu\u00e8 volem anar creant peces amb diferents contes, hist\u00f2ries o poemes. A mesura que aquestes noves peces estiguin creades, es podran contractar les diferents versions de <em>La Bibliomaleteca<\/em>.<\/p>\n\n\n\n<p>En l&#8217;actualitat oferim dues versions:<\/p>\n\n\n\n<p>&#8211; <strong><em>La Bibliomaleteca: La vertadera hist\u00f2ria de la cadernera, aquella que no ens conten mai<\/em><\/strong>.<\/p>\n\n\n\n<p>&#8211; <em><strong>La Bibliomaleteca&nbsp;al Pa\u00eds de les Meravelle<\/strong>s<\/em><em>.<\/em><\/p>\n<\/div>\n\n\n\n<div class=\"wp-block-column is-layout-flow wp-block-column-is-layout-flow\" style=\"flex-basis:25%\">\n<p>Fitxa art\u00edstica:<br>&#8211; <strong>Pallassa<\/strong> &#8211; <strong>Contacontes<\/strong>: Aina Moreno<br>&#8211; <strong>Creaci\u00f3<\/strong>: T\u00e9 a tres<br>&#8211; <strong>Direcci\u00f3<\/strong>: Juan L. Mu\u00f1oz Moreno<br>&#8211; <strong>I\u00b7lustracions<\/strong>: Victoria Contreras<br>&#8211; <strong>P\u00fablic al qual va adre\u00e7at:<\/strong> P\u00fablic familiar (a partir de 5 anys)<br>&#8211; <strong>Durada de l&#8217;activitat: <\/strong>50 minuts, aproximadament.<br>&#8211; <strong>Idioma<\/strong>: Catal\u00e0.<\/p>\n\n\n\n<figure class=\"wp-block-image size-full\"><img loading=\"lazy\" decoding=\"async\" width=\"259\" height=\"372\" src=\"http:\/\/teatres.org\/bloc\/wp-content\/uploads\/2015\/09\/bibliomaleteca3.png\" alt=\"\" class=\"wp-image-1818\" srcset=\"http:\/\/teatres.org\/bloc\/wp-content\/uploads\/2015\/09\/bibliomaleteca3.png 259w, http:\/\/teatres.org\/bloc\/wp-content\/uploads\/2015\/09\/bibliomaleteca3-208x300.png 208w\" sizes=\"(max-width: 259px) 100vw, 259px\" \/><\/figure>\n<\/div>\n<\/div>\n","protected":false},"excerpt":{"rendered":"<p>Aina \u00e9s una pallassa contacontes i esbojarrada, enamorada dels llibres que ha anat llegint a les biblioteques. Amb totes aquestes [&hellip;]<\/p>\n","protected":false},"author":1,"featured_media":0,"parent":617,"menu_order":3,"comment_status":"closed","ping_status":"closed","template":"","meta":{"site-sidebar-layout":"default","site-content-layout":"","ast-site-content-layout":"","site-content-style":"default","site-sidebar-style":"default","ast-global-header-display":"","ast-banner-title-visibility":"","ast-main-header-display":"","ast-hfb-above-header-display":"","ast-hfb-below-header-display":"","ast-hfb-mobile-header-display":"","site-post-title":"","ast-breadcrumbs-content":"","ast-featured-img":"","footer-sml-layout":"","theme-transparent-header-meta":"","adv-header-id-meta":"","stick-header-meta":"","header-above-stick-meta":"","header-main-stick-meta":"","header-below-stick-meta":"","astra-migrate-meta-layouts":"default","ast-page-background-enabled":"default","ast-page-background-meta":{"desktop":{"background-color":"var(--ast-global-color-4)","background-image":"","background-repeat":"repeat","background-position":"center center","background-size":"auto","background-attachment":"scroll","background-type":"","background-media":"","overlay-type":"","overlay-color":"","overlay-opacity":"","overlay-gradient":""},"tablet":{"background-color":"","background-image":"","background-repeat":"repeat","background-position":"center center","background-size":"auto","background-attachment":"scroll","background-type":"","background-media":"","overlay-type":"","overlay-color":"","overlay-opacity":"","overlay-gradient":""},"mobile":{"background-color":"","background-image":"","background-repeat":"repeat","background-position":"center center","background-size":"auto","background-attachment":"scroll","background-type":"","background-media":"","overlay-type":"","overlay-color":"","overlay-opacity":"","overlay-gradient":""}},"ast-content-background-meta":{"desktop":{"background-color":"var(--ast-global-color-5)","background-image":"","background-repeat":"repeat","background-position":"center center","background-size":"auto","background-attachment":"scroll","background-type":"","background-media":"","overlay-type":"","overlay-color":"","overlay-opacity":"","overlay-gradient":""},"tablet":{"background-color":"var(--ast-global-color-5)","background-image":"","background-repeat":"repeat","background-position":"center center","background-size":"auto","background-attachment":"scroll","background-type":"","background-media":"","overlay-type":"","overlay-color":"","overlay-opacity":"","overlay-gradient":""},"mobile":{"background-color":"var(--ast-global-color-5)","background-image":"","background-repeat":"repeat","background-position":"center center","background-size":"auto","background-attachment":"scroll","background-type":"","background-media":"","overlay-type":"","overlay-color":"","overlay-opacity":"","overlay-gradient":""}},"footnotes":""},"class_list":["post-1804","page","type-page","status-publish","hentry"],"jetpack_sharing_enabled":true,"_links":{"self":[{"href":"http:\/\/teatres.org\/bloc\/wp-json\/wp\/v2\/pages\/1804"}],"collection":[{"href":"http:\/\/teatres.org\/bloc\/wp-json\/wp\/v2\/pages"}],"about":[{"href":"http:\/\/teatres.org\/bloc\/wp-json\/wp\/v2\/types\/page"}],"author":[{"embeddable":true,"href":"http:\/\/teatres.org\/bloc\/wp-json\/wp\/v2\/users\/1"}],"replies":[{"embeddable":true,"href":"http:\/\/teatres.org\/bloc\/wp-json\/wp\/v2\/comments?post=1804"}],"version-history":[{"count":22,"href":"http:\/\/teatres.org\/bloc\/wp-json\/wp\/v2\/pages\/1804\/revisions"}],"predecessor-version":[{"id":2784,"href":"http:\/\/teatres.org\/bloc\/wp-json\/wp\/v2\/pages\/1804\/revisions\/2784"}],"up":[{"embeddable":true,"href":"http:\/\/teatres.org\/bloc\/wp-json\/wp\/v2\/pages\/617"}],"wp:attachment":[{"href":"http:\/\/teatres.org\/bloc\/wp-json\/wp\/v2\/media?parent=1804"}],"curies":[{"name":"wp","href":"https:\/\/api.w.org\/{rel}","templated":true}]}}