{"id":1866,"date":"2015-09-16T12:41:30","date_gmt":"2015-09-16T10:41:30","guid":{"rendered":"http:\/\/teatres.org\/bloc\/?page_id=1866"},"modified":"2024-09-07T23:15:03","modified_gmt":"2024-09-07T21:15:03","slug":"la-deixalleria","status":"publish","type":"page","link":"http:\/\/teatres.org\/bloc\/els-nostres-espectacles\/la-deixalleria\/","title":{"rendered":"La Deixalleria\/La Desecher\u00eda\/The Recycling Studio"},"content":{"rendered":"\n<figure class=\"wp-block-embed alignwide is-type-video is-provider-vimeo wp-block-embed-vimeo wp-embed-aspect-16-9 wp-has-aspect-ratio\"><div class=\"wp-block-embed__wrapper\">\n<div class=\"ast-oembed-container \" style=\"height: 100%;\"><iframe loading=\"lazy\" title=\"La Deixalleria\" src=\"https:\/\/player.vimeo.com\/video\/263114428?dnt=1&amp;app_id=122963\" width=\"500\" height=\"281\" frameborder=\"0\" allow=\"autoplay; fullscreen; picture-in-picture; clipboard-write\"><\/iframe><\/div>\n<\/div><\/figure>\n\n\n\n<div class=\"wp-block-columns alignwide are-vertically-aligned-center has-border-color has-black-border-color is-layout-flex wp-container-core-columns-is-layout-1 wp-block-columns-is-layout-flex\" style=\"border-width:1px\">\n<div class=\"wp-block-column is-vertically-aligned-center is-layout-flow wp-block-column-is-layout-flow\" style=\"flex-basis:25%\">\n<figure class=\"wp-block-image size-full\"><img loading=\"lazy\" decoding=\"async\" width=\"600\" height=\"846\" src=\"http:\/\/teatres.org\/bloc\/wp-content\/uploads\/2016\/09\/La-Deixalleria-cartell-600px.jpg\" alt=\"\" class=\"wp-image-2329\" srcset=\"http:\/\/teatres.org\/bloc\/wp-content\/uploads\/2016\/09\/La-Deixalleria-cartell-600px.jpg 600w, http:\/\/teatres.org\/bloc\/wp-content\/uploads\/2016\/09\/La-Deixalleria-cartell-600px-213x300.jpg 213w\" sizes=\"(max-width: 600px) 100vw, 600px\" \/><\/figure>\n<\/div>\n\n\n\n<div class=\"wp-block-column is-vertically-aligned-center is-layout-flow wp-block-column-is-layout-flow\" style=\"flex-basis:50%\">\n<h4 class=\"wp-block-heading has-text-color has-link-color wp-elements-cd234e20943979d057d0c9ff8933a7bb\" style=\"color:#8f8f8f\"><em><strong>La Deixalleria<\/strong><\/em> \u00e9s un divertit espectacle l\u00fadic de creaci\u00f3 a on n\u2019Aina, l\u2019obradora, crear\u00e0 noves hist\u00f2ries c\u00f2miques jugant amb juguetes fetes amb objectes reciclats i idees aportades pel p\u00fablic assistent.<\/h4>\n\n\n\n<h4 class=\"wp-block-heading has-text-color has-link-color wp-elements-6aa09d4408e10f5b1d9e5ddda1cefd4b\" style=\"color:#8f8f8f\">Aquest \u00e9s un espectacle a on, partint de la improvisaci\u00f3, la comicitat i les consignes donades pel p\u00fablic, Aina crear\u00e0 en viu juguetes a partir d\u2019objectes reciclats i, amb elles, jugar\u00e0 a fer hist\u00f2ries, com quan jugam amb les juguetes. Per tant, l&#8217;espectacle esdev\u00e9 un espai ideal perqu\u00e8 el p\u00fablic de totes les edats pugui divertir-se i estimular la seva imaginaci\u00f3 amb la recerca d&#8217;altres vides possibles als objectes i les juguetes.<\/h4>\n<\/div>\n\n\n\n<div class=\"wp-block-column is-vertically-aligned-center is-layout-flow wp-block-column-is-layout-flow\" style=\"flex-basis:25%\">\n<h4 class=\"wp-block-heading\"><strong>Fitxa art\u00edstica:<\/strong><\/h4>\n\n\n\n<p class=\"has-ast-global-color-0-color has-text-color has-link-color wp-elements-eccf6ea1cd80337518d86c6afd1956ca\"><strong>Clown<\/strong> &#8211; Aina Moreno Cort\u00e8s<br><strong>Direcci\u00f3<\/strong> &#8211; Joan Ll. Mu\u00f1oz Moreno<br><strong>Creaci\u00f3 i dramat\u00fargia<\/strong> &#8211; T\u00e9 a tres<br><strong>Atrezzo i vestuari <\/strong>&#8211; T\u00e9 a tres<br>I<strong>matge gr\u00e0fica<\/strong> &#8211; Victoria Contreras <br><strong>G\u00e8nere<\/strong> &#8211; Clown teatral<br><strong>Idiomes<\/strong> &#8211; catal\u00e0\/castell\u00e0<br><strong>Duraci\u00f3<\/strong> &#8211; 50 minuts (aproximadament)<br><strong>P\u00fablic<\/strong> &#8211; Familiar.<br><strong>Producci\u00f3<\/strong> &#8211; T\u00e9 a tres<\/p>\n<\/div>\n<\/div>\n\n\n\n<div style=\"height:30px\" aria-hidden=\"true\" class=\"wp-block-spacer\"><\/div>\n\n\n\n<div class=\"wp-block-columns alignwide are-vertically-aligned-center has-border-color has-black-border-color is-layout-flex wp-container-core-columns-is-layout-2 wp-block-columns-is-layout-flex\" style=\"border-width:1px\">\n<div class=\"wp-block-column is-vertically-aligned-center is-layout-flow wp-block-column-is-layout-flow\" style=\"flex-basis:25%\">\n<figure class=\"wp-block-image size-full\"><img loading=\"lazy\" decoding=\"async\" width=\"600\" height=\"846\" src=\"http:\/\/teatres.org\/bloc\/wp-content\/uploads\/2016\/09\/La-Deixalleria-cartell-600px.jpg\" alt=\"\" class=\"wp-image-2329\" srcset=\"http:\/\/teatres.org\/bloc\/wp-content\/uploads\/2016\/09\/La-Deixalleria-cartell-600px.jpg 600w, http:\/\/teatres.org\/bloc\/wp-content\/uploads\/2016\/09\/La-Deixalleria-cartell-600px-213x300.jpg 213w\" sizes=\"(max-width: 600px) 100vw, 600px\" \/><\/figure>\n<\/div>\n\n\n\n<div class=\"wp-block-column is-vertically-aligned-center is-layout-flow wp-block-column-is-layout-flow\" style=\"flex-basis:50%\">\n<h4 class=\"wp-block-heading has-text-color has-link-color wp-elements-3af2c7fe63866838e1d8c3267b13f1c8\" style=\"color:#9b9b9b\"><em><strong>La Desecher\u00eda<\/strong>&nbsp;<\/em>es un divertido espect\u00e1culo l\u00fadico de creaci\u00f3n en el que Aina, la obradora, crear\u00e1 nuevas historias c\u00f3micas jugando con juguetes hechos con objetos reciclados e ideas aportadas por el p\u00fablico asistente.<\/h4>\n\n\n\n<h4 class=\"wp-block-heading has-text-color has-link-color wp-elements-3ab2489cc296bded1f6f4b8e88ca949a\" style=\"color:#9b9b9b\">Este es un espect\u00e1culo en el que, partiendo de la improvisaci\u00f3n, la comicidad y las consignas dadas por el p\u00fablico, Aina crear\u00e1 en vivo juguetes a partir de objetos reciclados y, con ellos, jugar\u00e1 a hacer historias, como cuando jugamos con los juguetes. Por tanto, El espect\u00e1culo deviene un espacio ideal para que el p\u00fablico de todas les edades pueda divertirse y estimular su imaginaci\u00f3n con la b\u00fasqueda de otras vidas posibles en los objetos y los juguetes.<\/h4>\n<\/div>\n\n\n\n<div class=\"wp-block-column is-vertically-aligned-center is-layout-flow wp-block-column-is-layout-flow\" style=\"flex-basis:25%\">\n<h4 class=\"wp-block-heading\"><strong>Ficha art\u00edstica:<\/strong><\/h4>\n\n\n\n<p class=\"has-ast-global-color-0-color has-text-color has-link-color wp-elements-558cb0910e4635073844c238d153df4a\"><strong>Clown<\/strong> &#8211; Aina Moreno Cort\u00e8s<br><strong>Direcci\u00f3<\/strong> &#8211; Joan Ll. Mu\u00f1oz Moreno<br><strong>Creaci\u00f3n y dramaturgia<\/strong> &#8211; T\u00e9 a tres<br><strong>Atrezzo y vestuari<\/strong>o- T\u00e9 a tres<br>I<strong>magen gr\u00e0fica<\/strong> &#8211; Victoria Contreras<br><strong>G\u00e9nero<\/strong> &#8211; Clown teatral<br><strong>Idiomas<\/strong> &#8211; catal\u00e0\/castellano<br><strong>Duraci\u00f3<\/strong>n &#8211; 50 minutos (aproximadamente)<br><strong>P\u00fablic<\/strong>o &#8211; Familiar.<br><strong>Producci\u00f3<\/strong>n &#8211; T\u00e9 a tres<\/p>\n<\/div>\n<\/div>\n\n\n\n<div style=\"height:30px\" aria-hidden=\"true\" class=\"wp-block-spacer\"><\/div>\n\n\n\n<div class=\"wp-block-columns alignwide are-vertically-aligned-center has-border-color has-black-border-color is-layout-flex wp-container-core-columns-is-layout-3 wp-block-columns-is-layout-flex\" style=\"border-width:1px\">\n<div class=\"wp-block-column is-vertically-aligned-center is-layout-flow wp-block-column-is-layout-flow\" style=\"flex-basis:25%\">\n<figure class=\"wp-block-image size-full\"><img loading=\"lazy\" decoding=\"async\" width=\"600\" height=\"846\" src=\"http:\/\/teatres.org\/bloc\/wp-content\/uploads\/2016\/09\/La-Deixalleria-cartell-600px.jpg\" alt=\"\" class=\"wp-image-2329\" srcset=\"http:\/\/teatres.org\/bloc\/wp-content\/uploads\/2016\/09\/La-Deixalleria-cartell-600px.jpg 600w, http:\/\/teatres.org\/bloc\/wp-content\/uploads\/2016\/09\/La-Deixalleria-cartell-600px-213x300.jpg 213w\" sizes=\"(max-width: 600px) 100vw, 600px\" \/><\/figure>\n<\/div>\n\n\n\n<div class=\"wp-block-column is-vertically-aligned-center has-black-color has-text-color has-link-color wp-elements-289ea2778ae0ba04cddd843b75e78993 is-layout-flow wp-block-column-is-layout-flow\" style=\"flex-basis:50%\">\n<h4 class=\"wp-block-heading has-text-color has-link-color wp-elements-9e540f0d2ac4e872ab2824502ee8447d\" style=\"color:#9b9b9b\"><em>La Deixalleria (The Recycling Studio)<\/em> is a fun show where Aina, the studio worker, will create new comic stories playing with toys made from recycled objects and ideas provided by the audience.<\/h4>\n\n\n\n<h4 class=\"wp-block-heading has-text-color has-link-color wp-elements-31233510a83419314063959c1f023c5e\" style=\"color:#9b9b9b\">This is a show in which, based on improvisation, humor and orders given by the public, Aina will do toys from recycled objects and, with them, will play to create stories, like when we play with toys. Therefore, the show becomes an ideal place for visitors of all ages can amuse them and stimulate their imagination with the search for other possible lives on objects and toys.<\/h4>\n<\/div>\n\n\n\n<div class=\"wp-block-column is-vertically-aligned-center is-layout-flow wp-block-column-is-layout-flow\" style=\"flex-basis:25%\">\n<h4 class=\"wp-block-heading\"><strong>Cast:<\/strong><\/h4>\n\n\n\n<p class=\"has-ast-global-color-0-color has-text-color has-link-color wp-elements-faad4be39822688af07da9494bfc198c\"><strong>Clown<\/strong> &#8211; Aina Moreno Cort\u00e8s<br><strong>Artistic direction<\/strong> &#8211; Joan Ll. Mu\u00f1oz Moreno<br><strong>Artistic creation<\/strong> &#8211; T\u00e9 a tres<br><strong>Atrezzo and costumes <\/strong>&#8211; T\u00e9 a tres<br>I<strong>Graphic design <\/strong> &#8211; Victoria Contreras <br><strong>Genre<\/strong> &#8211; Clown teatral<br><strong>Language<\/strong> &#8211; catalan \/ spanish<br>Lenght &#8211; 50 minuts (more or less)<br><strong>Public<\/strong> &#8211; Familiar<br><strong>Production<\/strong> &#8211; T\u00e9 a tres<\/p>\n<\/div>\n<\/div>\n\n\n\n<p><a href=\"https:\/\/vimeo.com\/263114428\">La Deixalleria<\/a> from <a href=\"https:\/\/vimeo.com\/teatres\">T\u00e9 a tres<\/a> on <a href=\"https:\/\/vimeo.com\">Vimeo<\/a>.<\/p>\n","protected":false},"excerpt":{"rendered":"<p>La Deixalleria \u00e9s un divertit espectacle l\u00fadic de creaci\u00f3 a on n\u2019Aina, l\u2019obradora, crear\u00e0 noves hist\u00f2ries c\u00f2miques jugant amb juguetes [&hellip;]<\/p>\n","protected":false},"author":1,"featured_media":0,"parent":617,"menu_order":4,"comment_status":"closed","ping_status":"closed","template":"","meta":{"site-sidebar-layout":"default","site-content-layout":"","ast-site-content-layout":"","site-content-style":"default","site-sidebar-style":"default","ast-global-header-display":"","ast-banner-title-visibility":"","ast-main-header-display":"","ast-hfb-above-header-display":"","ast-hfb-below-header-display":"","ast-hfb-mobile-header-display":"","site-post-title":"","ast-breadcrumbs-content":"","ast-featured-img":"","footer-sml-layout":"","theme-transparent-header-meta":"","adv-header-id-meta":"","stick-header-meta":"","header-above-stick-meta":"","header-main-stick-meta":"","header-below-stick-meta":"","astra-migrate-meta-layouts":"default","ast-page-background-enabled":"default","ast-page-background-meta":{"desktop":{"background-color":"var(--ast-global-color-4)","background-image":"","background-repeat":"repeat","background-position":"center center","background-size":"auto","background-attachment":"scroll","background-type":"","background-media":"","overlay-type":"","overlay-color":"","overlay-opacity":"","overlay-gradient":""},"tablet":{"background-color":"","background-image":"","background-repeat":"repeat","background-position":"center center","background-size":"auto","background-attachment":"scroll","background-type":"","background-media":"","overlay-type":"","overlay-color":"","overlay-opacity":"","overlay-gradient":""},"mobile":{"background-color":"","background-image":"","background-repeat":"repeat","background-position":"center center","background-size":"auto","background-attachment":"scroll","background-type":"","background-media":"","overlay-type":"","overlay-color":"","overlay-opacity":"","overlay-gradient":""}},"ast-content-background-meta":{"desktop":{"background-color":"var(--ast-global-color-5)","background-image":"","background-repeat":"repeat","background-position":"center center","background-size":"auto","background-attachment":"scroll","background-type":"","background-media":"","overlay-type":"","overlay-color":"","overlay-opacity":"","overlay-gradient":""},"tablet":{"background-color":"var(--ast-global-color-5)","background-image":"","background-repeat":"repeat","background-position":"center center","background-size":"auto","background-attachment":"scroll","background-type":"","background-media":"","overlay-type":"","overlay-color":"","overlay-opacity":"","overlay-gradient":""},"mobile":{"background-color":"var(--ast-global-color-5)","background-image":"","background-repeat":"repeat","background-position":"center center","background-size":"auto","background-attachment":"scroll","background-type":"","background-media":"","overlay-type":"","overlay-color":"","overlay-opacity":"","overlay-gradient":""}},"footnotes":""},"class_list":["post-1866","page","type-page","status-publish","hentry"],"jetpack_sharing_enabled":true,"_links":{"self":[{"href":"http:\/\/teatres.org\/bloc\/wp-json\/wp\/v2\/pages\/1866"}],"collection":[{"href":"http:\/\/teatres.org\/bloc\/wp-json\/wp\/v2\/pages"}],"about":[{"href":"http:\/\/teatres.org\/bloc\/wp-json\/wp\/v2\/types\/page"}],"author":[{"embeddable":true,"href":"http:\/\/teatres.org\/bloc\/wp-json\/wp\/v2\/users\/1"}],"replies":[{"embeddable":true,"href":"http:\/\/teatres.org\/bloc\/wp-json\/wp\/v2\/comments?post=1866"}],"version-history":[{"count":48,"href":"http:\/\/teatres.org\/bloc\/wp-json\/wp\/v2\/pages\/1866\/revisions"}],"predecessor-version":[{"id":2819,"href":"http:\/\/teatres.org\/bloc\/wp-json\/wp\/v2\/pages\/1866\/revisions\/2819"}],"up":[{"embeddable":true,"href":"http:\/\/teatres.org\/bloc\/wp-json\/wp\/v2\/pages\/617"}],"wp:attachment":[{"href":"http:\/\/teatres.org\/bloc\/wp-json\/wp\/v2\/media?parent=1866"}],"curies":[{"name":"wp","href":"https:\/\/api.w.org\/{rel}","templated":true}]}}