{"id":2617,"date":"2019-09-05T12:27:18","date_gmt":"2019-09-05T10:27:18","guid":{"rendered":"http:\/\/teatres.org\/bloc\/?page_id=2617"},"modified":"2024-09-08T11:33:48","modified_gmt":"2024-09-08T09:33:48","slug":"activitats-teatrals-educatives-201920","status":"publish","type":"page","link":"http:\/\/teatres.org\/bloc\/activitats\/activitats-teatrals-educatives-201920\/","title":{"rendered":"Activitats teatrals educatives \/ Actividades teatrales educativas \/ Theatrical educational activities"},"content":{"rendered":"\n<figure class=\"wp-block-image alignwide size-full\"><img loading=\"lazy\" decoding=\"async\" width=\"593\" height=\"198\" src=\"http:\/\/teatres.org\/bloc\/wp-content\/uploads\/2019\/09\/Captura-de-pantalla-2019-09-05-a-las-12.16.20-e1725737898500.png\" alt=\"\" class=\"wp-image-2618\" srcset=\"http:\/\/teatres.org\/bloc\/wp-content\/uploads\/2019\/09\/Captura-de-pantalla-2019-09-05-a-las-12.16.20-e1725737898500.png 593w, http:\/\/teatres.org\/bloc\/wp-content\/uploads\/2019\/09\/Captura-de-pantalla-2019-09-05-a-las-12.16.20-e1725737898500-300x100.png 300w\" sizes=\"(max-width: 593px) 100vw, 593px\" \/><\/figure>\n\n\n\n<div class=\"wp-block-columns is-layout-flex wp-container-core-columns-is-layout-1 wp-block-columns-is-layout-flex\" style=\"margin-top:0;margin-bottom:0;padding-top:var(--wp--preset--spacing--40);padding-right:0;padding-bottom:var(--wp--preset--spacing--40);padding-left:0\">\n<div class=\"wp-block-column is-layout-flow wp-block-column-is-layout-flow\">\n<h4 class=\"wp-block-heading\">Activitats teatrals educatives<\/h4>\n\n\n\n<p>Arriba setembre i comen\u00e7a el nou curs escolar 2019\/2020. Ja saps que la nostra companyia, a m\u00e9s de l&#8217;activitat purament teatral, fa tamb\u00e9 activitats teatrals per al m\u00f3n educatiu i per a altres col\u00b7lectius, a on combina temes hist\u00f2rics, mediambientals i socials amb el clown teatral.<br>Hem pensat que aquesta informaci\u00f3 tamb\u00e9 et pot interessar o coneixes a qualc\u00fa que li interessi.<br>Ah! I si la trobes interessant, pots ajudar-nos a fer-ne difusi\u00f3?<br>Si piques la imatge, accedir\u00e0s a la\u00a0informaci\u00f3 detallada de totes les activitats.<\/p>\n\n\n\n<p>Gr\u00e0cies!! &#x1f61a;&#x1f60b;<\/p>\n<\/div>\n\n\n\n<div class=\"wp-block-column is-layout-flow wp-block-column-is-layout-flow\">\n<h4 class=\"wp-block-heading\">Actividades teatrales educativas<\/h4>\n\n\n\n<p>Llega septiembre y empieza el nuevo curso escolar 2019\/2020. Ya sabes que nuestra compa\u00f1\u00eda, adem\u00e1s de la actividad puramente teatral, hace tambi\u00e9n actividades teatrales para el mundo educativo y para otros colectivos, donde combina temas hist\u00f3ricos, medioambientales y sociales con el clown teatral.<br>Hemos pensado que esta informaci\u00f3n tambi\u00e9n te puede interesar o conoces a alguien\u00a0que le interese.<br>Ah! Y si la encuentras interesante, \u00bfpuedes ayudarnos a hacer difusi\u00f3n?<br>Si pinchas en\u00a0la imagen, acceder\u00e1s a la informaci\u00f3n detallada (en catal\u00e1n) de todas las actividades.<\/p>\n\n\n\n<p>\u00a1\u00a1Gracias!! &#x1f61a;&#x1f60b;<\/p>\n<\/div>\n\n\n\n<div class=\"wp-block-column is-layout-flow wp-block-column-is-layout-flow\">\n<h4 class=\"wp-block-heading\">Theatrical educational activities<\/h4>\n\n\n\n<p>September arrives and the new 2019\/2020 school&nbsp;course&nbsp;begins. You already know that our company, in addition to purely theatrical activity, also does theater activities for the educational world and for other groups, where it combines historical, environmental and social issues with the theater clown.<br>We have thought that this information may also interest you or you know someone who interests you.<br>Ah! And if you find it interesting, can you help us spread it?<br>If you click on the image, you will access the detailed information (in Catalan) of all activities.<\/p>\n\n\n\n<p>Thank you!! &#x1f61a;&#x1f60b;<\/p>\n<\/div>\n<\/div>\n","protected":false},"excerpt":{"rendered":"<p>Activitats teatrals educatives Arriba setembre i comen\u00e7a el nou curs escolar 2019\/2020. Ja saps que la nostra companyia, a m\u00e9s [&hellip;]<\/p>\n","protected":false},"author":1,"featured_media":0,"parent":1265,"menu_order":0,"comment_status":"closed","ping_status":"closed","template":"","meta":{"site-sidebar-layout":"default","site-content-layout":"","ast-site-content-layout":"","site-content-style":"default","site-sidebar-style":"default","ast-global-header-display":"","ast-banner-title-visibility":"","ast-main-header-display":"","ast-hfb-above-header-display":"","ast-hfb-below-header-display":"","ast-hfb-mobile-header-display":"","site-post-title":"disabled","ast-breadcrumbs-content":"","ast-featured-img":"","footer-sml-layout":"","theme-transparent-header-meta":"","adv-header-id-meta":"","stick-header-meta":"","header-above-stick-meta":"","header-main-stick-meta":"","header-below-stick-meta":"","astra-migrate-meta-layouts":"default","ast-page-background-enabled":"default","ast-page-background-meta":{"desktop":{"background-color":"var(--ast-global-color-4)","background-image":"","background-repeat":"repeat","background-position":"center center","background-size":"auto","background-attachment":"scroll","background-type":"","background-media":"","overlay-type":"","overlay-color":"","overlay-opacity":"","overlay-gradient":""},"tablet":{"background-color":"","background-image":"","background-repeat":"repeat","background-position":"center center","background-size":"auto","background-attachment":"scroll","background-type":"","background-media":"","overlay-type":"","overlay-color":"","overlay-opacity":"","overlay-gradient":""},"mobile":{"background-color":"","background-image":"","background-repeat":"repeat","background-position":"center center","background-size":"auto","background-attachment":"scroll","background-type":"","background-media":"","overlay-type":"","overlay-color":"","overlay-opacity":"","overlay-gradient":""}},"ast-content-background-meta":{"desktop":{"background-color":"var(--ast-global-color-5)","background-image":"","background-repeat":"repeat","background-position":"center center","background-size":"auto","background-attachment":"scroll","background-type":"","background-media":"","overlay-type":"","overlay-color":"","overlay-opacity":"","overlay-gradient":""},"tablet":{"background-color":"var(--ast-global-color-5)","background-image":"","background-repeat":"repeat","background-position":"center center","background-size":"auto","background-attachment":"scroll","background-type":"","background-media":"","overlay-type":"","overlay-color":"","overlay-opacity":"","overlay-gradient":""},"mobile":{"background-color":"var(--ast-global-color-5)","background-image":"","background-repeat":"repeat","background-position":"center center","background-size":"auto","background-attachment":"scroll","background-type":"","background-media":"","overlay-type":"","overlay-color":"","overlay-opacity":"","overlay-gradient":""}},"footnotes":""},"class_list":["post-2617","page","type-page","status-publish","hentry"],"jetpack_sharing_enabled":true,"_links":{"self":[{"href":"http:\/\/teatres.org\/bloc\/wp-json\/wp\/v2\/pages\/2617"}],"collection":[{"href":"http:\/\/teatres.org\/bloc\/wp-json\/wp\/v2\/pages"}],"about":[{"href":"http:\/\/teatres.org\/bloc\/wp-json\/wp\/v2\/types\/page"}],"author":[{"embeddable":true,"href":"http:\/\/teatres.org\/bloc\/wp-json\/wp\/v2\/users\/1"}],"replies":[{"embeddable":true,"href":"http:\/\/teatres.org\/bloc\/wp-json\/wp\/v2\/comments?post=2617"}],"version-history":[{"count":5,"href":"http:\/\/teatres.org\/bloc\/wp-json\/wp\/v2\/pages\/2617\/revisions"}],"predecessor-version":[{"id":2834,"href":"http:\/\/teatres.org\/bloc\/wp-json\/wp\/v2\/pages\/2617\/revisions\/2834"}],"up":[{"embeddable":true,"href":"http:\/\/teatres.org\/bloc\/wp-json\/wp\/v2\/pages\/1265"}],"wp:attachment":[{"href":"http:\/\/teatres.org\/bloc\/wp-json\/wp\/v2\/media?parent=2617"}],"curies":[{"name":"wp","href":"https:\/\/api.w.org\/{rel}","templated":true}]}}