{"id":617,"date":"2012-02-28T12:43:09","date_gmt":"2012-02-28T10:43:09","guid":{"rendered":"http:\/\/teatres.org\/bloc\/?page_id=617"},"modified":"2024-07-17T21:58:58","modified_gmt":"2024-07-17T19:58:58","slug":"els-nostres-espectacles","status":"publish","type":"page","link":"http:\/\/teatres.org\/bloc\/els-nostres-espectacles\/","title":{"rendered":"Espectacles\/Espect\u00e1culos\/Shows"},"content":{"rendered":"<p>[:CA]<\/p>\n<h3><em>P\u00fablic jove i adult:<\/em><\/h3>\n<p><a href=\"http:\/\/teatres.org\/bloc\/?page_id=649\" target=\"_self\" rel=\"noopener\"><img loading=\"lazy\" decoding=\"async\" class=\" alignnone\" style=\"border: 1px solid black; margin: 5px;\" src=\"http:\/\/www.teatres.org\/images\/ccnou300x425.jpg\" alt=\"Creative Commons\" width=\"168\" height=\"240\" \/><\/a><a href=\"http:\/\/teatres.org\/bloc\/?page_id=1835\" target=\"_self\" rel=\"noopener\"><img loading=\"lazy\" decoding=\"async\" class=\"alignnone size-medium wp-image-1836\" style=\"margin: 5px;\" title=\"PB&amp;C general\" src=\"http:\/\/teatres.org\/bloc\/wp-content\/uploads\/2015\/09\/PBC-general-296x300.png\" alt=\"\" width=\"240\" height=\"243\" srcset=\"http:\/\/teatres.org\/bloc\/wp-content\/uploads\/2015\/09\/PBC-general-296x300.png 296w, http:\/\/teatres.org\/bloc\/wp-content\/uploads\/2015\/09\/PBC-general.png 750w\" sizes=\"(max-width: 240px) 100vw, 240px\" \/><\/a><\/p>\n<h3><em>P\u00fablic familiar:<\/em><\/h3>\n<p><a href=\"http:\/\/teatres.org\/bloc\/?page_id=1804\" target=\"_self\" rel=\"noopener\"><img loading=\"lazy\" decoding=\"async\" class=\"size-full wp-image-1827 alignnone\" style=\"border: 1px solid black; margin: 5px;\" title=\"bibliomaleteca-170x240px\" src=\"http:\/\/teatres.org\/bloc\/wp-content\/uploads\/2012\/02\/bibliomaleteca-170x240px.jpg\" alt=\"\" width=\"170\" height=\"240\" \/><\/a><a href=\"http:\/\/teatres.org\/bloc\/els-nostres-espectacles\/la-deixalleria\/\"><img loading=\"lazy\" decoding=\"async\" class=\"alignnone wp-image-2277 size-medium\" src=\"http:\/\/teatres.org\/bloc\/wp-content\/uploads\/2015\/09\/deixalleria-general-153x300.jpg\" alt=\"deixalleria-general\" width=\"153\" height=\"300\" srcset=\"http:\/\/teatres.org\/bloc\/wp-content\/uploads\/2015\/09\/deixalleria-general-153x300.jpg 153w, http:\/\/teatres.org\/bloc\/wp-content\/uploads\/2015\/09\/deixalleria-general-524x1024.jpg 524w, http:\/\/teatres.org\/bloc\/wp-content\/uploads\/2015\/09\/deixalleria-general.jpg 1000w\" sizes=\"(max-width: 153px) 100vw, 153px\" \/><\/a><\/p>\n<h3><em>En preparaci\u00f3:<\/em><\/h3>\n<p><a href=\"http:\/\/teatres.org\/bloc\/?page_id=1008\"><img loading=\"lazy\" decoding=\"async\" src=\"http:\/\/teatres.org\/bloc\/wp-content\/uploads\/2015\/09\/carton400x566-nv.jpg\" alt=\"Carton micro\" width=\"170\" height=\"240\" \/><\/a>[:ES]<\/p>\n<h3><em>P\u00fablico joven y adulto:<\/em><\/h3>\n<p><a href=\"http:\/\/teatres.org\/bloc\/?page_id=649&amp;lang=ES\" target=\"_self\" rel=\"noopener\"><img loading=\"lazy\" decoding=\"async\" style=\"border: 1px solid black; margin: 5px;\" src=\"http:\/\/www.teatres.org\/images\/ccnou300x425.jpg\" alt=\"Creative Commons\" width=\"168\" height=\"240\" \/><\/a><a href=\"http:\/\/teatres.org\/bloc\/?page_id=1835&amp;lang=ES\" target=\"_self\" rel=\"noopener\"><img loading=\"lazy\" decoding=\"async\" style=\"margin: 5px;\" title=\"PB&amp;C general\" src=\"http:\/\/teatres.org\/bloc\/wp-content\/uploads\/2015\/09\/PBC-general-296x300.png\" alt=\"\" width=\"240\" height=\"243\" \/><\/a><\/p>\n<p>&nbsp;<\/p>\n<h3><em>P\u00fablico familiar:<\/em><\/h3>\n<p><a href=\"http:\/\/teatres.org\/bloc\/?page_id=1804&amp;lang=ES\" target=\"_self\" rel=\"noopener\"><img loading=\"lazy\" decoding=\"async\" style=\"border: 1px solid black; margin: 5px;\" title=\"bibliomaleteca-170x240px\" src=\"http:\/\/teatres.org\/bloc\/wp-content\/uploads\/2012\/02\/bibliomaleteca-170x240px.jpg\" alt=\"\" width=\"170\" height=\"240\" \/><\/a><a href=\"http:\/\/teatres.org\/bloc\/els-nostres-espectacles\/la-deixalleria\/?lang=ES\"><img loading=\"lazy\" decoding=\"async\" class=\"alignnone wp-image-2277 size-medium\" src=\"http:\/\/teatres.org\/bloc\/wp-content\/uploads\/2015\/09\/deixalleria-general-153x300.jpg\" alt=\"deixalleria-general\" width=\"153\" height=\"300\" srcset=\"http:\/\/teatres.org\/bloc\/wp-content\/uploads\/2015\/09\/deixalleria-general-153x300.jpg 153w, http:\/\/teatres.org\/bloc\/wp-content\/uploads\/2015\/09\/deixalleria-general-524x1024.jpg 524w, http:\/\/teatres.org\/bloc\/wp-content\/uploads\/2015\/09\/deixalleria-general.jpg 1000w\" sizes=\"(max-width: 153px) 100vw, 153px\" \/><\/a><\/p>\n<h3><em>En preparaci\u00f3n:<\/em><\/h3>\n<p><a href=\"http:\/\/teatres.org\/bloc\/?page_id=1008&amp;lang=ES\"><img loading=\"lazy\" decoding=\"async\" src=\"http:\/\/teatres.org\/bloc\/wp-content\/uploads\/2015\/09\/carton400x566-nv.jpg\" alt=\"Carton micro\" width=\"170\" height=\"240\" \/><\/a>[:en]<\/p>\n<h3><em>Young and adult audience:<\/em><\/h3>\n<p><a href=\"http:\/\/teatres.org\/bloc\/?page_id=649&amp;lang=en\" target=\"_self\" rel=\"noopener\"><img loading=\"lazy\" decoding=\"async\" style=\"border: 1px solid black; margin: 5px;\" src=\"http:\/\/www.teatres.org\/images\/ccnou300x425.jpg\" alt=\"Creative Commons\" width=\"168\" height=\"240\" \/><\/a><a href=\"http:\/\/teatres.org\/bloc\/?page_id=1835&amp;lang=en\" target=\"_self\" rel=\"noopener\"><img loading=\"lazy\" decoding=\"async\" style=\"margin: 5px;\" title=\"PB&amp;C general\" src=\"http:\/\/teatres.org\/bloc\/wp-content\/uploads\/2015\/09\/PBC-general-296x300.png\" alt=\"\" width=\"240\" height=\"243\" \/><\/a><\/p>\n<h3><em>Family audience:<\/em><\/h3>\n<p><a href=\"http:\/\/teatres.org\/bloc\/?page_id=1804&amp;lang=en\" target=\"_self\" rel=\"noopener\"><img loading=\"lazy\" decoding=\"async\" style=\"border: 1px solid black; margin: 5px;\" title=\"bibliomaleteca-170x240px\" src=\"http:\/\/teatres.org\/bloc\/wp-content\/uploads\/2012\/02\/bibliomaleteca-170x240px.jpg\" alt=\"\" width=\"170\" height=\"240\" \/><\/a><a href=\"http:\/\/teatres.org\/bloc\/els-nostres-espectacles\/la-deixalleria\/?lang=en\"><img loading=\"lazy\" decoding=\"async\" class=\"alignnone wp-image-2277 size-medium\" src=\"http:\/\/teatres.org\/bloc\/wp-content\/uploads\/2015\/09\/deixalleria-general-153x300.jpg\" alt=\"deixalleria-general\" width=\"153\" height=\"300\" srcset=\"http:\/\/teatres.org\/bloc\/wp-content\/uploads\/2015\/09\/deixalleria-general-153x300.jpg 153w, http:\/\/teatres.org\/bloc\/wp-content\/uploads\/2015\/09\/deixalleria-general-524x1024.jpg 524w, http:\/\/teatres.org\/bloc\/wp-content\/uploads\/2015\/09\/deixalleria-general.jpg 1000w\" sizes=\"(max-width: 153px) 100vw, 153px\" \/><\/a><\/p>\n<p><a href=\"http:\/\/teatres.org\/bloc\/?page_id=1008&amp;lang=en\"><img loading=\"lazy\" decoding=\"async\" src=\"http:\/\/teatres.org\/bloc\/wp-content\/uploads\/2015\/09\/carton400x566-nv.jpg\" alt=\"Carton micro\" width=\"170\" height=\"240\" \/><\/a><\/p>\n<h3><\/h3>\n<p>[:]<\/p>\n","protected":false},"excerpt":{"rendered":"<p>[:CA] P\u00fablic jove i adult: P\u00fablic familiar: En preparaci\u00f3: [:ES] P\u00fablico joven y adulto: &nbsp; P\u00fablico familiar: En preparaci\u00f3n: [:en] [&hellip;]<\/p>\n","protected":false},"author":1,"featured_media":0,"parent":0,"menu_order":2,"comment_status":"closed","ping_status":"closed","template":"","meta":{"site-sidebar-layout":"default","site-content-layout":"","ast-site-content-layout":"","site-content-style":"default","site-sidebar-style":"default","ast-global-header-display":"","ast-banner-title-visibility":"","ast-main-header-display":"","ast-hfb-above-header-display":"","ast-hfb-below-header-display":"","ast-hfb-mobile-header-display":"","site-post-title":"","ast-breadcrumbs-content":"","ast-featured-img":"","footer-sml-layout":"","theme-transparent-header-meta":"","adv-header-id-meta":"","stick-header-meta":"","header-above-stick-meta":"","header-main-stick-meta":"","header-below-stick-meta":"","astra-migrate-meta-layouts":"default","ast-page-background-enabled":"default","ast-page-background-meta":{"desktop":{"background-color":"var(--ast-global-color-4)","background-image":"","background-repeat":"repeat","background-position":"center center","background-size":"auto","background-attachment":"scroll","background-type":"","background-media":"","overlay-type":"","overlay-color":"","overlay-opacity":"","overlay-gradient":""},"tablet":{"background-color":"","background-image":"","background-repeat":"repeat","background-position":"center center","background-size":"auto","background-attachment":"scroll","background-type":"","background-media":"","overlay-type":"","overlay-color":"","overlay-opacity":"","overlay-gradient":""},"mobile":{"background-color":"","background-image":"","background-repeat":"repeat","background-position":"center center","background-size":"auto","background-attachment":"scroll","background-type":"","background-media":"","overlay-type":"","overlay-color":"","overlay-opacity":"","overlay-gradient":""}},"ast-content-background-meta":{"desktop":{"background-color":"var(--ast-global-color-5)","background-image":"","background-repeat":"repeat","background-position":"center center","background-size":"auto","background-attachment":"scroll","background-type":"","background-media":"","overlay-type":"","overlay-color":"","overlay-opacity":"","overlay-gradient":""},"tablet":{"background-color":"var(--ast-global-color-5)","background-image":"","background-repeat":"repeat","background-position":"center center","background-size":"auto","background-attachment":"scroll","background-type":"","background-media":"","overlay-type":"","overlay-color":"","overlay-opacity":"","overlay-gradient":""},"mobile":{"background-color":"var(--ast-global-color-5)","background-image":"","background-repeat":"repeat","background-position":"center center","background-size":"auto","background-attachment":"scroll","background-type":"","background-media":"","overlay-type":"","overlay-color":"","overlay-opacity":"","overlay-gradient":""}},"footnotes":""},"class_list":["post-617","page","type-page","status-publish","hentry"],"jetpack_sharing_enabled":true,"_links":{"self":[{"href":"http:\/\/teatres.org\/bloc\/wp-json\/wp\/v2\/pages\/617"}],"collection":[{"href":"http:\/\/teatres.org\/bloc\/wp-json\/wp\/v2\/pages"}],"about":[{"href":"http:\/\/teatres.org\/bloc\/wp-json\/wp\/v2\/types\/page"}],"author":[{"embeddable":true,"href":"http:\/\/teatres.org\/bloc\/wp-json\/wp\/v2\/users\/1"}],"replies":[{"embeddable":true,"href":"http:\/\/teatres.org\/bloc\/wp-json\/wp\/v2\/comments?post=617"}],"version-history":[{"count":91,"href":"http:\/\/teatres.org\/bloc\/wp-json\/wp\/v2\/pages\/617\/revisions"}],"predecessor-version":[{"id":2760,"href":"http:\/\/teatres.org\/bloc\/wp-json\/wp\/v2\/pages\/617\/revisions\/2760"}],"wp:attachment":[{"href":"http:\/\/teatres.org\/bloc\/wp-json\/wp\/v2\/media?parent=617"}],"curies":[{"name":"wp","href":"https:\/\/api.w.org\/{rel}","templated":true}]}}