{"id":862,"date":"2012-03-25T10:46:43","date_gmt":"2012-03-25T08:46:43","guid":{"rendered":"http:\/\/teatres.org\/bloc\/?page_id=862"},"modified":"2024-07-17T22:10:14","modified_gmt":"2024-07-17T20:10:14","slug":"nino-i-la-poesia","status":"publish","type":"page","link":"http:\/\/teatres.org\/bloc\/els-nostres-espectacles\/fora-de-repertori\/nino-i-la-poesia\/","title":{"rendered":"Nino i la poesia\/Nino y la poes\u00eda\/Nino and the poetry"},"content":{"rendered":"<p><!--:CA--><\/p>\n<p style=\"text-align: center;\"><img loading=\"lazy\" decoding=\"async\" class=\"alignnone\" src=\"http:\/\/www.teatres.org\/images\/ninopoesia400.jpg\" alt=\"Nino i la poesia\" width=\"170\" height=\"400\" \/><\/p>\n<p><em>Nino<\/em> \u00e9s una pallassa a la que li agrada molt la poesia i, sobretot, dir poesies, encara que davant la gent li faci un poc de vergonya. Ella en sap molt, de recitar poesia; es podria dir que \u00e9s la millor recitadora de poesia del m\u00f3n i, per aix\u00f2, vol que la gent l\u2019escolti dir poesies&#8230;<\/p>\n<p>Amb la intenci\u00f3 de dir unes quantes poesies i sense adonar-se\u2019n, <em>Nino<\/em> anir\u00e0 fent una an\u00e0lisi de les parts que conformen una poesia: la rima, el ritme, la pros\u00f2dia&#8230; I ja veurem si aconsegueix o no dir qualcuna! Encara que, com li agraden tant, no ens hauria d\u2019estranyar que ho consegueixi. Nino encanta el p\u00fablic amb les paraules en joc i amb el joc de les paraules.<\/p>\n<p><strong>T\u00e9 a tres<\/strong> aprofita la comicitat pr\u00f2pia d&#8217;una pallassa i el joc per a apropar la poesia als nins de totes les edats. D\u2019una forma divertida, entretinguda i innocent  el p\u00fablic descobreix el gust per la poesia i apr\u00e8n qu\u00e8 \u00e9s. Volem que el p\u00fablic senti la poesia com una cosa propera i \u00e9s tamb\u00e9 per aix\u00f2 que hem introduit petites poesies de caire popular per a exemplificar els diferents aspectes que es van explicant. Aix\u00ed doncs, amb una proposta teatral com<em><strong> Nino i la poesia<\/strong><\/em> l\u2019espectador, a m\u00e9s de divertir-se, descobreix la relaci\u00f3 de la poesia amb el ritme, les paraules, la m\u00fasica, el joc&#8230;<\/p>\n<p style=\"text-align: center;\"><object classid=\"clsid:d27cdb6e-ae6d-11cf-96b8-444553540000\" width=\"420\" height=\"315\" codebase=\"http:\/\/download.macromedia.com\/pub\/shockwave\/cabs\/flash\/swflash.cab#version=6,0,40,0\"><param name=\"allowFullScreen\" value=\"true\" \/><param name=\"allowscriptaccess\" value=\"always\" \/><param name=\"src\" value=\"http:\/\/www.youtube.com\/v\/oM-xCNvSQVE?version=3&amp;hl=es_ES\" \/><param name=\"allowfullscreen\" value=\"true\" \/><\/object><\/p>\n<p><a href=\"http:\/\/www.teatres.org\/images\/ninoimages\/IMG_0445.jpg\" target=\"_blank\" rel=\"noopener\"><img loading=\"lazy\" decoding=\"async\" class=\"alignnone\" src=\"http:\/\/www.teatres.org\/images\/ninoimages\/IMG_0445.jpg\" alt=\"\" width=\"122\" height=\"162\" \/><\/a><a href=\"http:\/\/www.teatres.org\/images\/ninoimages\/IMG_0449.jpg\" target=\"_blank\" rel=\"noopener\"><img loading=\"lazy\" decoding=\"async\" class=\"alignnone\" src=\"http:\/\/www.teatres.org\/images\/ninoimages\/IMG_0449.jpg\" alt=\"\" width=\"216\" height=\"162\" \/><\/a><a href=\"http:\/\/www.teatres.org\/images\/ninoimages\/IMG_0452.jpg\" target=\"_blank\" rel=\"noopener\"><img loading=\"lazy\" decoding=\"async\" class=\"alignnone\" src=\"http:\/\/www.teatres.org\/images\/ninoimages\/IMG_0452.jpg\" alt=\"\" width=\"122\" height=\"162\" \/><\/a><a href=\"http:\/\/www.teatres.org\/images\/ninoimages\/IMG_0453.jpg\" target=\"_blank\" rel=\"noopener\"><img loading=\"lazy\" decoding=\"async\" class=\"alignnone\" src=\"http:\/\/www.teatres.org\/images\/ninoimages\/IMG_0453.jpg\" alt=\"\" width=\"122\" height=\"162\" \/><\/a><br \/>\n<a href=\"http:\/\/www.teatres.org\/images\/ninoimages\/IMG_0456.jpg\" target=\"_blank\" rel=\"noopener\"><img loading=\"lazy\" decoding=\"async\" class=\"alignnone\" src=\"http:\/\/www.teatres.org\/images\/ninoimages\/IMG_0456.jpg\" alt=\"\" width=\"122\" height=\"162\" \/><\/a><a href=\"http:\/\/www.teatres.org\/images\/ninoimages\/IMG_0459.jpg\" target=\"_blank\" rel=\"noopener\"><img loading=\"lazy\" decoding=\"async\" class=\"alignnone\" src=\"http:\/\/www.teatres.org\/images\/ninoimages\/IMG_0459.jpg\" alt=\"\" width=\"122\" height=\"162\" \/><\/a><a href=\"http:\/\/www.teatres.org\/images\/ninoimages\/IMG_0460.jpg\" target=\"_blank\" rel=\"noopener\"><img loading=\"lazy\" decoding=\"async\" class=\"alignnone\" src=\"http:\/\/www.teatres.org\/images\/ninoimages\/IMG_0460.jpg\" alt=\"\" width=\"122\" height=\"162\" \/><\/a><a href=\"http:\/\/www.teatres.org\/images\/ninoimages\/IMG_0463.jpg\" target=\"_blank\" rel=\"noopener\"><img loading=\"lazy\" decoding=\"async\" class=\"alignnone\" src=\"http:\/\/www.teatres.org\/images\/ninoimages\/IMG_0463.jpg\" alt=\"\" width=\"122\" height=\"162\" \/><\/a><\/p>\n<h4><span style=\"text-decoration: underline;\">Fitxa art\u00edstica:<\/span><\/h4>\n<p><span style=\"color: #993300;\">Nino &#8211;<\/span> Aina Moreno.<br \/>\n<span style=\"color: #993300;\">Dramat\u00fargia &#8211;<\/span> T\u00e9 a tres.<br \/>\n<span style=\"color: #993300;\">Direcci\u00f3 &#8211;<\/span> Juan L. Mu\u00f1oz.<br \/>\n<span style=\"color: #993300;\">Llum i so &#8211;<\/span> Juan L. Mu\u00f1oz.<br \/>\n<span style=\"color: #993300;\">Cartell &#8211;<\/span> Victoria Contreras.<br \/>\n<span style=\"color: #993300;\">P\u00fablic &#8211;<\/span> Familiar, a partir de 6 anys.<br \/>\n<span style=\"color: #993300;\">Espai &#8211;<\/span> Espai interior (teatres, sales de confer\u00e8ncies&#8230;).<br \/>\n<span style=\"color: #993300;\">Durada &#8211;<\/span> Uns 50 minuts.<br \/>\n<span style=\"color: #993300;\">Idioma &#8211;<\/span> Catal\u00e0.<br \/>\n<span style=\"color: #993300;\">Producci\u00f3 &#8211;<\/span> T\u00e9 a tres, S.C.<\/p>\n<p><a href=\"http:\/\/www.teatres.org\/images\/ninopoesiareduit.pdf\" target=\"_blank\" rel=\"noopener\"><strong>Dossier educatiu<\/strong><\/a><!--:--><!--:ES--><\/p>\n<p><p style=\"text-align: center;\"><img loading=\"lazy\" decoding=\"async\" class=\"alignnone\" src=\"http:\/\/www.teatres.org\/images\/ninopoesia400.jpg\" alt=\"Nino i la poesia\" width=\"170\" height=\"400\" \/><\/p>\n<p><em>Nino<\/em> es una payasa a la que le gusta mucho la poes\u00eda y, sobre todo, recitar poes\u00edas, aunque delante de la gente le da un poco de verg\u00fcenza. Ella sabe mucho de recitar poes\u00eda; se podr\u00eda decir que es la mejor recitadora de poes\u00eda del mundo y, por eso, quiere que le gente le escuche recitar poes\u00edas&#8230;<\/p>\n<p>Con la intenci\u00f3n de recitar unas cuantas poes\u00edas, <em>Nino<\/em>, sin darse cuenta, ir\u00e1 haciendo un an\u00e1lisis de las partes que conforman una poes\u00eda: la rima, el ritmo, la prosodia&#8230; \u00a1y ya veremos si consigue o no decir alguna! aunque, como le gustan tanto, no nos tendr\u00eda que extra\u00f1ar que lo consiga. <em>Nino<\/em> encanta al p\u00fablico con las palabras en juego y con el juego de las palabras.<\/p>\n<p><strong>T\u00e9 a tres<\/strong> aprovecha la comicidad propia de una payasa y el juego para acercar la poes\u00eda a los ni\u00f1os. De una forma divertida, entretenida e inocente,  el p\u00fablico descubre el gusto por la poes\u00eda y aprende qu\u00e9 es. Queremos que el p\u00fablico sienta la poes\u00eda como una cosa cercana y es tambi\u00e9n por eso que hemos introducido peque\u00f1as poes\u00edas de car\u00e1cter popular para ejemplificar los diferentes aspectos que se van explicando. As\u00ed pues, con una propuesta teatral como <strong><em>Nino i la poesia<\/em><\/strong> el espectador, adem\u00e1s de divertirse, descubre la relaci\u00f3n de la poes\u00eda con el ritmo, las palabras, la m\u00fasica, el juego&#8230;<\/p>\n<p style=\"text-align: center;\"><object classid=\"clsid:d27cdb6e-ae6d-11cf-96b8-444553540000\" width=\"420\" height=\"315\" codebase=\"http:\/\/download.macromedia.com\/pub\/shockwave\/cabs\/flash\/swflash.cab#version=6,0,40,0\"><param name=\"allowFullScreen\" value=\"true\" \/><param name=\"allowscriptaccess\" value=\"always\" \/><param name=\"src\" value=\"http:\/\/www.youtube.com\/v\/oM-xCNvSQVE?version=3&amp;hl=es_ES\" \/><param name=\"allowfullscreen\" value=\"true\" \/><\/object><\/p>\n<p><a href=\"http:\/\/www.teatres.org\/images\/ninoimages\/IMG_0445.jpg\" target=\"_blank\" rel=\"noopener\"><img loading=\"lazy\" decoding=\"async\" class=\"alignnone\" src=\"http:\/\/www.teatres.org\/images\/ninoimages\/IMG_0445.jpg\" alt=\"\" width=\"122\" height=\"162\" \/><\/a><a href=\"http:\/\/www.teatres.org\/images\/ninoimages\/IMG_0449.jpg\" target=\"_blank\" rel=\"noopener\"><img loading=\"lazy\" decoding=\"async\" class=\"alignnone\" src=\"http:\/\/www.teatres.org\/images\/ninoimages\/IMG_0449.jpg\" alt=\"\" width=\"216\" height=\"162\" \/><\/a><a href=\"http:\/\/www.teatres.org\/images\/ninoimages\/IMG_0452.jpg\" target=\"_blank\" rel=\"noopener\"><img loading=\"lazy\" decoding=\"async\" class=\"alignnone\" src=\"http:\/\/www.teatres.org\/images\/ninoimages\/IMG_0452.jpg\" alt=\"\" width=\"122\" height=\"162\" \/><\/a><a href=\"http:\/\/www.teatres.org\/images\/ninoimages\/IMG_0453.jpg\" target=\"_blank\" rel=\"noopener\"><img loading=\"lazy\" decoding=\"async\" class=\"alignnone\" src=\"http:\/\/www.teatres.org\/images\/ninoimages\/IMG_0453.jpg\" alt=\"\" width=\"122\" height=\"162\" \/><\/a><\/p>\n<p><a href=\"http:\/\/www.teatres.org\/images\/ninoimages\/IMG_0456.jpg\" target=\"_blank\" rel=\"noopener\"><img loading=\"lazy\" decoding=\"async\" class=\"alignnone\" src=\"http:\/\/www.teatres.org\/images\/ninoimages\/IMG_0456.jpg\" alt=\"\" width=\"122\" height=\"162\" \/><\/a><a href=\"http:\/\/www.teatres.org\/images\/ninoimages\/IMG_0459.jpg\" target=\"_blank\" rel=\"noopener\"><img loading=\"lazy\" decoding=\"async\" class=\"alignnone\" src=\"http:\/\/www.teatres.org\/images\/ninoimages\/IMG_0459.jpg\" alt=\"\" width=\"122\" height=\"162\" \/><\/a><a href=\"http:\/\/www.teatres.org\/images\/ninoimages\/IMG_0460.jpg\" target=\"_blank\" rel=\"noopener\"><img loading=\"lazy\" decoding=\"async\" class=\"alignnone\" src=\"http:\/\/www.teatres.org\/images\/ninoimages\/IMG_0460.jpg\" alt=\"\" width=\"122\" height=\"162\" \/><\/a><a href=\"http:\/\/www.teatres.org\/images\/ninoimages\/IMG_0463.jpg\" target=\"_blank\" rel=\"noopener\"><img loading=\"lazy\" decoding=\"async\" class=\"alignnone\" src=\"http:\/\/www.teatres.org\/images\/ninoimages\/IMG_0463.jpg\" alt=\"\" width=\"122\" height=\"162\" \/><\/a><\/p>\n<h4><span style=\"text-decoration: underline;\">Ficha art\u00edstica:<\/span><\/h4>\n<p><span style=\"color: #993300;\">Nino &#8211;<\/span> Aina Moreno.<\/p>\n<p><span style=\"color: #993300;\">Dramaturgia &#8211;<\/span> T\u00e9 a tres.<\/p>\n<p><span style=\"color: #993300;\">Direcci\u00f3n &#8211;<\/span> Juan L. Mu\u00f1oz.<\/p>\n<p><span style=\"color: #993300;\">Luz y sonido &#8211;<\/span> Juan L. Mu\u00f1oz.<\/p>\n<p><span style=\"color: #993300;\">Cartel &#8211;<\/span> Victoria Contreras.<\/p>\n<p><span style=\"color: #993300;\">P\u00fablico &#8211;<\/span> Familiar, a partir de 6 a\u00f1os.<\/p>\n<p><span style=\"color: #993300;\">Espacio &#8211;<\/span> Espacio interior (teatros, salas de conferencias&#8230;).<\/p>\n<p><span style=\"color: #993300;\">Duraci\u00f3n &#8211;<\/span> Unos 50 minutos.<\/p>\n<p><span style=\"color: #993300;\">Idioma &#8211;<\/span> Catal\u00e1n.<\/p>\n<p><span style=\"color: #993300;\">Producci\u00f3n &#8211;<\/span> T\u00e9 a tres, S.C.<\/p>\n<p><a href=\"http:\/\/www.teatres.org\/images\/ninopoesiareduit.pdf\" target=\"_blank\" rel=\"noopener\">Dossier educatiu<\/a><\/p>\n<\/p>\n<p><!--:--><!--:en--><\/p>\n<p><p style=\"text-align: center;\"><img loading=\"lazy\" decoding=\"async\" class=\"alignnone\" src=\"http:\/\/www.teatres.org\/images\/ninopoesia400.jpg\" alt=\"Nino i la poesia\" width=\"170\" height=\"400\" \/><\/p>\n<p><em>Nino<\/em> is a clown who loves poetry. She recites poems, although she is a little shy in public. She is very good at reciting; one could say that she is the best in the world doing that and that&#8217;s why she wants the people to listen to her&#8230;<\/p>\n<p>With the intention of reciting some poems, <em>Nino<\/em> will analyse, without realising that, all the parts of a poem: the rhyme, the pace, text&#8230; And we&#8217;ll see whether she gets to do so or not! Although, since she likes poems so much, it wouldn&#8217;t be so strange that she gets it. <em>Nino<\/em> will enjoy and will make kids enjoy words and words games.<\/p>\n<p><em><strong>Nino i la poesia<\/strong><\/em> is a funny clown show for all ages, but it goes beyond that.<\/p>\n<p><strong>T\u00e9 a tres<\/strong> takes advantage of the amusement of the clown and the poetic game to approach poetry to kids of all ages. In a funny, entertaining and naive way, the audience learns to enjoy poetry and what poetry is. We want the audience to feel poetry as something close and for that reason we&#8217;ve included little popular poems to use as examples of the different aspects that are explained. So, in <strong><em>Nino i la poesia<\/em><\/strong>, the audience, besides of having a good time, discovers the relationship between poetry and rythm, words, music, games&#8230;<\/p>\n<p style=\"text-align: center;\"><object classid=\"clsid:d27cdb6e-ae6d-11cf-96b8-444553540000\" width=\"420\" height=\"315\" codebase=\"http:\/\/download.macromedia.com\/pub\/shockwave\/cabs\/flash\/swflash.cab#version=6,0,40,0\"><param name=\"allowFullScreen\" value=\"true\" \/><param name=\"allowscriptaccess\" value=\"always\" \/><param name=\"src\" value=\"http:\/\/www.youtube.com\/v\/oM-xCNvSQVE?version=3&amp;hl=es_ES\" \/><param name=\"allowfullscreen\" value=\"true\" \/><\/object><\/p>\n<p><a href=\"http:\/\/www.teatres.org\/images\/ninoimages\/IMG_0445.jpg\" target=\"_blank\" rel=\"noopener\"><img loading=\"lazy\" decoding=\"async\" class=\"alignnone\" src=\"http:\/\/www.teatres.org\/images\/ninoimages\/IMG_0445.jpg\" alt=\"\" width=\"122\" height=\"162\" \/><\/a><a href=\"http:\/\/www.teatres.org\/images\/ninoimages\/IMG_0449.jpg\" target=\"_blank\" rel=\"noopener\"><img loading=\"lazy\" decoding=\"async\" class=\"alignnone\" src=\"http:\/\/www.teatres.org\/images\/ninoimages\/IMG_0449.jpg\" alt=\"\" width=\"216\" height=\"162\" \/><\/a><a href=\"http:\/\/www.teatres.org\/images\/ninoimages\/IMG_0452.jpg\" target=\"_blank\" rel=\"noopener\"><img loading=\"lazy\" decoding=\"async\" class=\"alignnone\" src=\"http:\/\/www.teatres.org\/images\/ninoimages\/IMG_0452.jpg\" alt=\"\" width=\"122\" height=\"162\" \/><\/a><a href=\"http:\/\/www.teatres.org\/images\/ninoimages\/IMG_0453.jpg\" target=\"_blank\" rel=\"noopener\"><img loading=\"lazy\" decoding=\"async\" class=\"alignnone\" src=\"http:\/\/www.teatres.org\/images\/ninoimages\/IMG_0453.jpg\" alt=\"\" width=\"122\" height=\"162\" \/><\/a><\/p>\n<p><a href=\"http:\/\/www.teatres.org\/images\/ninoimages\/IMG_0456.jpg\" target=\"_blank\" rel=\"noopener\"><img loading=\"lazy\" decoding=\"async\" class=\"alignnone\" src=\"http:\/\/www.teatres.org\/images\/ninoimages\/IMG_0456.jpg\" alt=\"\" width=\"122\" height=\"162\" \/><\/a><a href=\"http:\/\/www.teatres.org\/images\/ninoimages\/IMG_0459.jpg\" target=\"_blank\" rel=\"noopener\"><img loading=\"lazy\" decoding=\"async\" class=\"alignnone\" src=\"http:\/\/www.teatres.org\/images\/ninoimages\/IMG_0459.jpg\" alt=\"\" width=\"122\" height=\"162\" \/><\/a><a href=\"http:\/\/www.teatres.org\/images\/ninoimages\/IMG_0460.jpg\" target=\"_blank\" rel=\"noopener\"><img loading=\"lazy\" decoding=\"async\" class=\"alignnone\" src=\"http:\/\/www.teatres.org\/images\/ninoimages\/IMG_0460.jpg\" alt=\"\" width=\"122\" height=\"162\" \/><\/a><a href=\"http:\/\/www.teatres.org\/images\/ninoimages\/IMG_0463.jpg\" target=\"_blank\" rel=\"noopener\"><img loading=\"lazy\" decoding=\"async\" class=\"alignnone\" src=\"http:\/\/www.teatres.org\/images\/ninoimages\/IMG_0463.jpg\" alt=\"\" width=\"122\" height=\"162\" \/><\/a><\/p>\n<h4><span style=\"text-decoration: underline;\">Artistic Cast:<\/span><\/h4>\n<p><span style=\"color: #993300;\">Nino &#8211;<\/span> Aina Moreno.<\/p>\n<p><span style=\"color: #993300;\">Screenplay &#8211;<\/span> T\u00e9 a tres.<\/p>\n<p><span style=\"color: #993300;\">Direction &#8211;<\/span> Juan L. Mu\u00f1oz.<\/p>\n<p><span style=\"color: #993300;\">Light and sound &#8211;<\/span> Juan L. Mu\u00f1oz.<\/p>\n<p><span style=\"color: #993300;\">Poster &#8211;<\/span> Victoria Contreras.<\/p>\n<p><span style=\"color: #993300;\">Audience &#8211;<\/span> Family, from 6 years old.<\/p>\n<p><span style=\"color: #993300;\">Space &#8211;<\/span> Indoor (theatres, conference halls&#8230;).<\/p>\n<p><span style=\"color: #993300;\">Length &#8211;<\/span> About 50 minutes.<\/p>\n<p><span style=\"color: #993300;\">Language &#8211;<\/span> Catalan.<\/p>\n<p><span style=\"color: #993300;\">Production &#8211;<\/span> T\u00e9 a tres, S.C.<\/p>\n<p><a href=\"http:\/\/www.teatres.org\/images\/ninopoesiareduit.pdf\" target=\"_blank\" rel=\"noopener\">Dossier educatiu<\/a><\/p>\n<\/p>\n<p><!--:--><\/p>\n","protected":false},"excerpt":{"rendered":"<p>Nino \u00e9s una pallassa a la que li agrada molt la poesia i, sobretot, dir poesies, encara que davant la [&hellip;]<\/p>\n","protected":false},"author":1,"featured_media":0,"parent":1780,"menu_order":2,"comment_status":"closed","ping_status":"closed","template":"","meta":{"site-sidebar-layout":"default","site-content-layout":"","ast-site-content-layout":"","site-content-style":"default","site-sidebar-style":"default","ast-global-header-display":"","ast-banner-title-visibility":"","ast-main-header-display":"","ast-hfb-above-header-display":"","ast-hfb-below-header-display":"","ast-hfb-mobile-header-display":"","site-post-title":"","ast-breadcrumbs-content":"","ast-featured-img":"","footer-sml-layout":"","theme-transparent-header-meta":"","adv-header-id-meta":"","stick-header-meta":"","header-above-stick-meta":"","header-main-stick-meta":"","header-below-stick-meta":"","astra-migrate-meta-layouts":"default","ast-page-background-enabled":"default","ast-page-background-meta":{"desktop":{"background-color":"var(--ast-global-color-4)","background-image":"","background-repeat":"repeat","background-position":"center center","background-size":"auto","background-attachment":"scroll","background-type":"","background-media":"","overlay-type":"","overlay-color":"","overlay-opacity":"","overlay-gradient":""},"tablet":{"background-color":"","background-image":"","background-repeat":"repeat","background-position":"center center","background-size":"auto","background-attachment":"scroll","background-type":"","background-media":"","overlay-type":"","overlay-color":"","overlay-opacity":"","overlay-gradient":""},"mobile":{"background-color":"","background-image":"","background-repeat":"repeat","background-position":"center center","background-size":"auto","background-attachment":"scroll","background-type":"","background-media":"","overlay-type":"","overlay-color":"","overlay-opacity":"","overlay-gradient":""}},"ast-content-background-meta":{"desktop":{"background-color":"var(--ast-global-color-5)","background-image":"","background-repeat":"repeat","background-position":"center center","background-size":"auto","background-attachment":"scroll","background-type":"","background-media":"","overlay-type":"","overlay-color":"","overlay-opacity":"","overlay-gradient":""},"tablet":{"background-color":"var(--ast-global-color-5)","background-image":"","background-repeat":"repeat","background-position":"center center","background-size":"auto","background-attachment":"scroll","background-type":"","background-media":"","overlay-type":"","overlay-color":"","overlay-opacity":"","overlay-gradient":""},"mobile":{"background-color":"var(--ast-global-color-5)","background-image":"","background-repeat":"repeat","background-position":"center center","background-size":"auto","background-attachment":"scroll","background-type":"","background-media":"","overlay-type":"","overlay-color":"","overlay-opacity":"","overlay-gradient":""}},"footnotes":""},"class_list":["post-862","page","type-page","status-publish","hentry"],"jetpack_sharing_enabled":true,"_links":{"self":[{"href":"http:\/\/teatres.org\/bloc\/wp-json\/wp\/v2\/pages\/862"}],"collection":[{"href":"http:\/\/teatres.org\/bloc\/wp-json\/wp\/v2\/pages"}],"about":[{"href":"http:\/\/teatres.org\/bloc\/wp-json\/wp\/v2\/types\/page"}],"author":[{"embeddable":true,"href":"http:\/\/teatres.org\/bloc\/wp-json\/wp\/v2\/users\/1"}],"replies":[{"embeddable":true,"href":"http:\/\/teatres.org\/bloc\/wp-json\/wp\/v2\/comments?post=862"}],"version-history":[{"count":28,"href":"http:\/\/teatres.org\/bloc\/wp-json\/wp\/v2\/pages\/862\/revisions"}],"predecessor-version":[{"id":2653,"href":"http:\/\/teatres.org\/bloc\/wp-json\/wp\/v2\/pages\/862\/revisions\/2653"}],"up":[{"embeddable":true,"href":"http:\/\/teatres.org\/bloc\/wp-json\/wp\/v2\/pages\/1780"}],"wp:attachment":[{"href":"http:\/\/teatres.org\/bloc\/wp-json\/wp\/v2\/media?parent=862"}],"curies":[{"name":"wp","href":"https:\/\/api.w.org\/{rel}","templated":true}]}}